{"id":94,"date":"2016-04-20T03:04:44","date_gmt":"2016-04-20T00:04:44","guid":{"rendered":"http:\/\/tezyazdir.net\/?page_id=94"},"modified":"2020-11-09T17:23:40","modified_gmt":"2020-11-09T14:23:40","slug":"hakkimizda","status":"publish","type":"page","link":"https:\/\/tezyazdir.net\/index.php\/hakkimizda\/","title":{"rendered":"HAKKIMIZDA"},"content":{"rendered":"<h2 style=\"padding-left: 60px;\">Hakk\u0131m\u0131zda<\/h2>\n<p style=\"padding-left: 60px;\">D\u00fcnya bili\u015fim \u00e7a\u011f\u0131na girdi\u011finden beri okuma-yazma oran\u0131 h\u0131zl\u0131 bir \u015fekilde artm\u0131\u015f ve etkisini hemen her yerde g\u00f6stermi\u015ftir. \u00dclkemizde okuma-yazma oran\u0131n\u0131 art\u0131rm\u0131\u015f bunun yan\u0131nda okur-yazarlar\u0131n okuma d\u00fczeylerinde de son y\u0131llarda artan bir ivme ortaya \u00e7\u0131km\u0131\u015ft\u0131r. Artan okuma oranlar\u0131n\u0131n artan \u00e7al\u0131\u015fma saatleriyle birlikte ortaya \u00e7\u0131kmas\u0131 ise bilgiye ula\u015fman\u0131n kolayla\u015ft\u0131\u011f\u0131 bir \u00e7a\u011fda bilgiyi al\u0131p derleyip sistematik bir \u015fekilde iletmeyi zorla\u015ft\u0131rm\u0131\u015ft\u0131r.\u00a0 Zamans\u0131zl\u0131k, \u00f6zellikle kariyerlerini e\u011fitimleriyle desteklemeye niyetlenen fakat zamans\u0131zl\u0131\u011f\u0131n azizli\u011fine u\u011frayan t\u00fcm \u00f6\u011frencilerin ortak bir s\u0131k\u0131nt\u0131s\u0131 olarak ortaya \u00e7\u0131km\u0131\u015ft\u0131r. Tam da b\u00f6ylesi zaman\u0131n ve bilginin ayn\u0131 anda bulunmas\u0131n\u0131n g\u00fc\u00e7le\u015fti\u011fi bir d\u00f6nemde ortaya \u00e7\u0131kan kurtar\u0131c\u0131lardan biri, deneyimlerini payla\u015fan akademik dan\u0131\u015fmanl\u0131k merkezleri olmu\u015ftur.<\/p>\n<p style=\"padding-left: 60px;\">\u00a0 \u00a0 \u00a0 Y\u0131llard\u0131r deneyimini art\u0131ran ve g\u00fcven odakl\u0131 bir samimiyeti ortaya koyan Sayg\u0131n Akademik Dan\u0131\u015fmanl\u0131k Merkezi her s\u0131k\u0131\u015ft\u0131\u011f\u0131n\u0131zda yan\u0131 ba\u015f\u0131n\u0131zda olmaya devam ediyor. G\u00fcvenilir kadromuzun en b\u00fcy\u00fck \u00f6zelli\u011fi, merkeze yard\u0131mc\u0131 oldu\u011fumuz \u00f6\u011frencilerden \u00f6ncelikle onlar\u0131n memnuniyet ve g\u00fcvenlerini kazanmay\u0131 koymas\u0131d\u0131r. Bunu sa\u011flad\u0131ktan sonra \u00f6\u011frencilerimin her t\u00fcrl\u00fc eksiklerini birlikte k\u0131sa s\u00fcre i\u00e7inde gidermek bizim i\u015fimiz.<\/p>\n","protected":false},"excerpt":{"rendered":"<p>Hakk\u0131m\u0131zda D\u00fcnya bili\u015fim \u00e7a\u011f\u0131na girdi\u011finden beri okuma-yazma oran\u0131 h\u0131zl\u0131 bir \u015fekilde artm\u0131\u015f ve etkisini hemen her yerde g\u00f6stermi\u015ftir. \u00dclkemizde okuma-yazma oran\u0131n\u0131 art\u0131rm\u0131\u015f bunun yan\u0131nda okur-yazarlar\u0131n okuma d\u00fczeylerinde de son y\u0131llarda artan bir ivme ortaya \u00e7\u0131km\u0131\u015ft\u0131r. Artan okuma oranlar\u0131n\u0131n artan \u00e7al\u0131\u015fma saatleriyle birlikte ortaya \u00e7\u0131kmas\u0131 ise bilgiye ula\u015fman\u0131n kolayla\u015ft\u0131\u011f\u0131 bir \u00e7a\u011fda bilgiyi al\u0131p derleyip sistematik bir<\/p>\n","protected":false},"author":1,"featured_media":0,"parent":0,"menu_order":0,"comment_status":"closed","ping_status":"closed","template":"","meta":{"footnotes":""},"class_list":["post-94","page","type-page","status-publish","hentry"],"yoast_head":"<!-- This site is optimized with the Yoast SEO plugin v27.4 - https:\/\/yoast.com\/product\/yoast-seo-wordpress\/ -->\n<title>HAKKIMIZDA - Sayg\u0131n Akademik Dan\u0131\u015fmanl\u0131k<\/title>\n<meta name=\"robots\" content=\"index, follow, max-snippet:-1, max-image-preview:large, max-video-preview:-1\" \/>\n<link rel=\"canonical\" href=\"https:\/\/tezyazdir.net\/index.php\/hakkimizda\/\" \/>\n<meta property=\"og:locale\" content=\"tr_TR\" \/>\n<meta property=\"og:type\" content=\"article\" \/>\n<meta property=\"og:title\" content=\"HAKKIMIZDA - Sayg\u0131n Akademik Dan\u0131\u015fmanl\u0131k\" \/>\n<meta property=\"og:description\" content=\"Hakk\u0131m\u0131zda D\u00fcnya bili\u015fim \u00e7a\u011f\u0131na girdi\u011finden beri okuma-yazma oran\u0131 h\u0131zl\u0131 bir \u015fekilde artm\u0131\u015f ve etkisini hemen her yerde g\u00f6stermi\u015ftir. \u00dclkemizde okuma-yazma oran\u0131n\u0131 art\u0131rm\u0131\u015f bunun yan\u0131nda okur-yazarlar\u0131n okuma d\u00fczeylerinde de son y\u0131llarda artan bir ivme ortaya \u00e7\u0131km\u0131\u015ft\u0131r. Artan okuma oranlar\u0131n\u0131n artan \u00e7al\u0131\u015fma saatleriyle birlikte ortaya \u00e7\u0131kmas\u0131 ise bilgiye ula\u015fman\u0131n kolayla\u015ft\u0131\u011f\u0131 bir \u00e7a\u011fda bilgiyi al\u0131p derleyip sistematik bir\" \/>\n<meta property=\"og:url\" content=\"https:\/\/tezyazdir.net\/index.php\/hakkimizda\/\" \/>\n<meta property=\"og:site_name\" content=\"Sayg\u0131n Akademik Dan\u0131\u015fmanl\u0131k\" \/>\n<meta property=\"article:modified_time\" content=\"2020-11-09T14:23:40+00:00\" \/>\n<meta name=\"twitter:card\" content=\"summary_large_image\" \/>\n<meta name=\"twitter:label1\" content=\"Tahmini okuma s\u00fcresi\" \/>\n\t<meta name=\"twitter:data1\" content=\"1 dakika\" \/>\n<script type=\"application\/ld+json\" class=\"yoast-schema-graph\">{\"@context\":\"https:\\\/\\\/schema.org\",\"@graph\":[{\"@type\":\"WebPage\",\"@id\":\"https:\\\/\\\/tezyazdir.net\\\/index.php\\\/hakkimizda\\\/\",\"url\":\"https:\\\/\\\/tezyazdir.net\\\/index.php\\\/hakkimizda\\\/\",\"name\":\"HAKKIMIZDA - Sayg\u0131n Akademik Dan\u0131\u015fmanl\u0131k\",\"isPartOf\":{\"@id\":\"https:\\\/\\\/tezyazdir.net\\\/#website\"},\"datePublished\":\"2016-04-20T00:04:44+00:00\",\"dateModified\":\"2020-11-09T14:23:40+00:00\",\"breadcrumb\":{\"@id\":\"https:\\\/\\\/tezyazdir.net\\\/index.php\\\/hakkimizda\\\/#breadcrumb\"},\"inLanguage\":\"tr\",\"potentialAction\":[{\"@type\":\"ReadAction\",\"target\":[\"https:\\\/\\\/tezyazdir.net\\\/index.php\\\/hakkimizda\\\/\"]}]},{\"@type\":\"BreadcrumbList\",\"@id\":\"https:\\\/\\\/tezyazdir.net\\\/index.php\\\/hakkimizda\\\/#breadcrumb\",\"itemListElement\":[{\"@type\":\"ListItem\",\"position\":1,\"name\":\"Ana sayfa\",\"item\":\"https:\\\/\\\/tezyazdir.net\\\/\"},{\"@type\":\"ListItem\",\"position\":2,\"name\":\"HAKKIMIZDA\"}]},{\"@type\":\"WebSite\",\"@id\":\"https:\\\/\\\/tezyazdir.net\\\/#website\",\"url\":\"https:\\\/\\\/tezyazdir.net\\\/\",\"name\":\"Sayg\u0131n Akademik Dan\u0131\u015fmanl\u0131k\",\"description\":\"\",\"publisher\":{\"@id\":\"https:\\\/\\\/tezyazdir.net\\\/#organization\"},\"potentialAction\":[{\"@type\":\"SearchAction\",\"target\":{\"@type\":\"EntryPoint\",\"urlTemplate\":\"https:\\\/\\\/tezyazdir.net\\\/?s={search_term_string}\"},\"query-input\":{\"@type\":\"PropertyValueSpecification\",\"valueRequired\":true,\"valueName\":\"search_term_string\"}}],\"inLanguage\":\"tr\"},{\"@type\":\"Organization\",\"@id\":\"https:\\\/\\\/tezyazdir.net\\\/#organization\",\"name\":\"Sayg\u0131n Akademik Dan\u0131\u015fmanl\u0131k\",\"url\":\"https:\\\/\\\/tezyazdir.net\\\/\",\"logo\":{\"@type\":\"ImageObject\",\"inLanguage\":\"tr\",\"@id\":\"https:\\\/\\\/tezyazdir.net\\\/#\\\/schema\\\/logo\\\/image\\\/\",\"url\":\"https:\\\/\\\/tezyazdir.net\\\/wp-content\\\/uploads\\\/2020\\\/11\\\/site-ikonu.jpg\",\"contentUrl\":\"https:\\\/\\\/tezyazdir.net\\\/wp-content\\\/uploads\\\/2020\\\/11\\\/site-ikonu.jpg\",\"width\":512,\"height\":512,\"caption\":\"Sayg\u0131n Akademik Dan\u0131\u015fmanl\u0131k\"},\"image\":{\"@id\":\"https:\\\/\\\/tezyazdir.net\\\/#\\\/schema\\\/logo\\\/image\\\/\"},\"sameAs\":[\"https:\\\/\\\/instagram.com\\\/tezyazd\"]}]}<\/script>\n<!-- \/ Yoast SEO plugin. -->","yoast_head_json":{"title":"HAKKIMIZDA - Sayg\u0131n Akademik Dan\u0131\u015fmanl\u0131k","robots":{"index":"index","follow":"follow","max-snippet":"max-snippet:-1","max-image-preview":"max-image-preview:large","max-video-preview":"max-video-preview:-1"},"canonical":"https:\/\/tezyazdir.net\/index.php\/hakkimizda\/","og_locale":"tr_TR","og_type":"article","og_title":"HAKKIMIZDA - Sayg\u0131n Akademik Dan\u0131\u015fmanl\u0131k","og_description":"Hakk\u0131m\u0131zda D\u00fcnya bili\u015fim \u00e7a\u011f\u0131na girdi\u011finden beri okuma-yazma oran\u0131 h\u0131zl\u0131 bir \u015fekilde artm\u0131\u015f ve etkisini hemen her yerde g\u00f6stermi\u015ftir. \u00dclkemizde okuma-yazma oran\u0131n\u0131 art\u0131rm\u0131\u015f bunun yan\u0131nda okur-yazarlar\u0131n okuma d\u00fczeylerinde de son y\u0131llarda artan bir ivme ortaya \u00e7\u0131km\u0131\u015ft\u0131r. Artan okuma oranlar\u0131n\u0131n artan \u00e7al\u0131\u015fma saatleriyle birlikte ortaya \u00e7\u0131kmas\u0131 ise bilgiye ula\u015fman\u0131n kolayla\u015ft\u0131\u011f\u0131 bir \u00e7a\u011fda bilgiyi al\u0131p derleyip sistematik bir","og_url":"https:\/\/tezyazdir.net\/index.php\/hakkimizda\/","og_site_name":"Sayg\u0131n Akademik Dan\u0131\u015fmanl\u0131k","article_modified_time":"2020-11-09T14:23:40+00:00","twitter_card":"summary_large_image","twitter_misc":{"Tahmini okuma s\u00fcresi":"1 dakika"},"schema":{"@context":"https:\/\/schema.org","@graph":[{"@type":"WebPage","@id":"https:\/\/tezyazdir.net\/index.php\/hakkimizda\/","url":"https:\/\/tezyazdir.net\/index.php\/hakkimizda\/","name":"HAKKIMIZDA - Sayg\u0131n Akademik Dan\u0131\u015fmanl\u0131k","isPartOf":{"@id":"https:\/\/tezyazdir.net\/#website"},"datePublished":"2016-04-20T00:04:44+00:00","dateModified":"2020-11-09T14:23:40+00:00","breadcrumb":{"@id":"https:\/\/tezyazdir.net\/index.php\/hakkimizda\/#breadcrumb"},"inLanguage":"tr","potentialAction":[{"@type":"ReadAction","target":["https:\/\/tezyazdir.net\/index.php\/hakkimizda\/"]}]},{"@type":"BreadcrumbList","@id":"https:\/\/tezyazdir.net\/index.php\/hakkimizda\/#breadcrumb","itemListElement":[{"@type":"ListItem","position":1,"name":"Ana sayfa","item":"https:\/\/tezyazdir.net\/"},{"@type":"ListItem","position":2,"name":"HAKKIMIZDA"}]},{"@type":"WebSite","@id":"https:\/\/tezyazdir.net\/#website","url":"https:\/\/tezyazdir.net\/","name":"Sayg\u0131n Akademik Dan\u0131\u015fmanl\u0131k","description":"","publisher":{"@id":"https:\/\/tezyazdir.net\/#organization"},"potentialAction":[{"@type":"SearchAction","target":{"@type":"EntryPoint","urlTemplate":"https:\/\/tezyazdir.net\/?s={search_term_string}"},"query-input":{"@type":"PropertyValueSpecification","valueRequired":true,"valueName":"search_term_string"}}],"inLanguage":"tr"},{"@type":"Organization","@id":"https:\/\/tezyazdir.net\/#organization","name":"Sayg\u0131n Akademik Dan\u0131\u015fmanl\u0131k","url":"https:\/\/tezyazdir.net\/","logo":{"@type":"ImageObject","inLanguage":"tr","@id":"https:\/\/tezyazdir.net\/#\/schema\/logo\/image\/","url":"https:\/\/tezyazdir.net\/wp-content\/uploads\/2020\/11\/site-ikonu.jpg","contentUrl":"https:\/\/tezyazdir.net\/wp-content\/uploads\/2020\/11\/site-ikonu.jpg","width":512,"height":512,"caption":"Sayg\u0131n Akademik Dan\u0131\u015fmanl\u0131k"},"image":{"@id":"https:\/\/tezyazdir.net\/#\/schema\/logo\/image\/"},"sameAs":["https:\/\/instagram.com\/tezyazd"]}]}},"_links":{"self":[{"href":"https:\/\/tezyazdir.net\/index.php\/wp-json\/wp\/v2\/pages\/94","targetHints":{"allow":["GET"]}}],"collection":[{"href":"https:\/\/tezyazdir.net\/index.php\/wp-json\/wp\/v2\/pages"}],"about":[{"href":"https:\/\/tezyazdir.net\/index.php\/wp-json\/wp\/v2\/types\/page"}],"author":[{"embeddable":true,"href":"https:\/\/tezyazdir.net\/index.php\/wp-json\/wp\/v2\/users\/1"}],"replies":[{"embeddable":true,"href":"https:\/\/tezyazdir.net\/index.php\/wp-json\/wp\/v2\/comments?post=94"}],"version-history":[{"count":2,"href":"https:\/\/tezyazdir.net\/index.php\/wp-json\/wp\/v2\/pages\/94\/revisions"}],"predecessor-version":[{"id":1875,"href":"https:\/\/tezyazdir.net\/index.php\/wp-json\/wp\/v2\/pages\/94\/revisions\/1875"}],"wp:attachment":[{"href":"https:\/\/tezyazdir.net\/index.php\/wp-json\/wp\/v2\/media?parent=94"}],"curies":[{"name":"wp","href":"https:\/\/api.w.org\/{rel}","templated":true}]}}